{"id":6329,"date":"2023-10-31T21:16:16","date_gmt":"2023-10-31T21:16:16","guid":{"rendered":"https:\/\/egyeducation.com\/?page_id=6329"},"modified":"2024-05-07T10:51:44","modified_gmt":"2024-05-07T10:51:44","slug":"iletisim","status":"publish","type":"page","link":"https:\/\/egyeducation.com\/index.php\/iletisim\/","title":{"rendered":"\u0130leti\u015fim"},"content":{"rendered":"\t\t<div data-elementor-type=\"wp-page\" data-elementor-id=\"6329\" class=\"elementor elementor-6329\">\n\t\t\t\t\t\t\t\t\t<section class=\"elementor-section elementor-top-section elementor-element elementor-element-571a60e elementor-section-full_width qodef-elementor-content-grid elementor-section-height-default elementor-section-height-default\" data-id=\"571a60e\" data-element_type=\"section\">\n\t\t\t\t\t\t<div class=\"elementor-container elementor-column-gap-default\">\n\t\t\t\t\t<div class=\"elementor-column elementor-col-50 elementor-top-column elementor-element elementor-element-520d5b2\" data-id=\"520d5b2\" data-element_type=\"column\">\n\t\t\t<div class=\"elementor-widget-wrap elementor-element-populated\">\n\t\t\t\t\t\t\t\t<div class=\"elementor-element elementor-element-eda0dfa elementor-widget elementor-widget-learnwell_core_section_title\" data-id=\"eda0dfa\" data-element_type=\"widget\" data-widget_type=\"learnwell_core_section_title.default\">\n\t\t\t\t<div class=\"elementor-widget-container\">\n\t\t\t<div class=\"qodef-shortcode qodef-m  qodef-section-title qodef-alignment--left \">\n\t\t<h6 class=\"qodef-m-tagline\" >B\u0130Z\u0130M \u0130LE \u0130LET\u0130\u015e\u0130ME GE\u00c7\u0130N<\/h6>\n\t\t<h2 class=\"qodef-m-title\" style=\"margin-top: 10px\">\n\t\t\t\t\tBize Ula\u015f\u0131n\t\t\t<\/h2>\n\t\t<p class=\"qodef-m-text\" >Yurtd\u0131\u015f\u0131 e\u011fitim almak istiyor ve merak etti\u011finiz konular var ise bizim ile ileti\u015fime ge\u00e7ebilirsiniz.<\/p>\n<\/div>\n\t\t<\/div>\n\t\t\t\t<\/div>\n\t\t\t\t<div class=\"elementor-element elementor-element-796d0e1 elementor-widget elementor-widget-learnwell_core_icon_list_item\" data-id=\"796d0e1\" data-element_type=\"widget\" data-widget_type=\"learnwell_core_icon_list_item.default\">\n\t\t\t\t<div class=\"elementor-widget-container\">\n\t\t\t<div class=\"qodef-icon-list-item qodef-icon--icon-pack\" >\n\t<h6 class=\"qodef-e-title\" >\n\t\t\t\t\t<a itemprop=\"url\" href=\"tel:+905373159246\" target=\"_self\">\n\t\t\t\t\t<span class=\"qodef-e-title-inner\">\n                <span class=\"qodef-e-title-text\">phone: +905373159246<\/span>\n\t\t\t\t\t\t\t<\/span>\n\t\t\t\t\t<\/a>\n\t\t\t<\/h6>\n<\/div>\n\t\t<\/div>\n\t\t\t\t<\/div>\n\t\t\t\t<div class=\"elementor-element elementor-element-b665bcb elementor-widget elementor-widget-learnwell_core_icon_list_item\" data-id=\"b665bcb\" data-element_type=\"widget\" data-widget_type=\"learnwell_core_icon_list_item.default\">\n\t\t\t\t<div class=\"elementor-widget-container\">\n\t\t\t<div class=\"qodef-icon-list-item qodef-icon--icon-pack\" >\n\t<h6 class=\"qodef-e-title\" >\n\t\t\t\t\t<a itemprop=\"url\" href=\"https:\/\/www.google.rs\/maps\/place\/922+Montgomery+St,+Brooklyn,+NY+11213,+USA\/@40.6643672,-73.9363264,17z\/data=!3m1!4b1!4m5!3m4!1s0x89c25c818958c417:0x9bc1c7d353a23f4d!8m2!3d40.6643672!4d-73.9341377\" target=\"_blank\">\n\t\t\t\t\t<span class=\"qodef-e-title-inner\">\n                <span class=\"qodef-e-title-text\">adress: Roterdam, Netherlands<\/span>\n\t\t\t\t\t\t\t<\/span>\n\t\t\t\t\t<\/a>\n\t\t\t<\/h6>\n<\/div>\n\t\t<\/div>\n\t\t\t\t<\/div>\n\t\t\t\t<div class=\"elementor-element elementor-element-6c9c890 elementor-widget elementor-widget-learnwell_core_icon_list_item\" data-id=\"6c9c890\" data-element_type=\"widget\" data-widget_type=\"learnwell_core_icon_list_item.default\">\n\t\t\t\t<div class=\"elementor-widget-container\">\n\t\t\t<div class=\"qodef-icon-list-item qodef-icon--icon-pack\" >\n\t<h6 class=\"qodef-e-title\" >\n\t\t\t\t\t<a itemprop=\"url\" href=\"mailto:learnwell@example.com\" target=\"_self\">\n\t\t\t\t\t<span class=\"qodef-e-title-inner\">\n                <span class=\"qodef-e-title-text\">email: info@egyeducation.com<\/span>\n\t\t\t\t\t\t\t<\/span>\n\t\t\t\t\t<\/a>\n\t\t\t<\/h6>\n<\/div>\n\t\t<\/div>\n\t\t\t\t<\/div>\n\t\t\t\t<div class=\"elementor-element elementor-element-9949055 elementor-widget elementor-widget-learnwell_core_icon_list_item\" data-id=\"9949055\" data-element_type=\"widget\" data-widget_type=\"learnwell_core_icon_list_item.default\">\n\t\t\t\t<div class=\"elementor-widget-container\">\n\t\t\t<div class=\"qodef-icon-list-item qodef-icon--icon-pack\" >\n\t<h6 class=\"qodef-e-title\" >\n\t\t\t\t\t<a itemprop=\"url\" href=\"\" target=\"_blank\">\n\t\t\t\t\t<span class=\"qodef-e-title-inner\">\n                <span class=\"qodef-e-title-text\">website:EGY Education<\/span>\n\t\t\t\t\t\t\t<\/span>\n\t\t\t\t\t<\/a>\n\t\t\t<\/h6>\n<\/div>\n\t\t<\/div>\n\t\t\t\t<\/div>\n\t\t\t\t\t<\/div>\n\t\t<\/div>\n\t\t\t\t<div class=\"elementor-column elementor-col-50 elementor-top-column elementor-element elementor-element-613430c\" data-id=\"613430c\" data-element_type=\"column\" data-settings=\"{&quot;background_background&quot;:&quot;classic&quot;}\">\n\t\t\t<div class=\"elementor-widget-wrap elementor-element-populated\">\n\t\t\t\t\t\t\t\t<div class=\"elementor-element elementor-element-8c18253 elementor-widget elementor-widget-wp-widget-learnwell_core_contact_form_7\" data-id=\"8c18253\" data-element_type=\"widget\" data-widget_type=\"wp-widget-learnwell_core_contact_form_7.default\">\n\t\t\t\t<div class=\"elementor-widget-container\">\n\t\t\t\t\t\t<div class=\"qodef-contact-form-7\">\n\t\t\t\t\n<div class=\"wpcf7 no-js\" id=\"wpcf7-f2684-o1\" lang=\"en-US\" dir=\"ltr\">\n<div class=\"screen-reader-response\"><p role=\"status\" aria-live=\"polite\" aria-atomic=\"true\"><\/p> <ul><\/ul><\/div>\n<form action=\"\/index.php\/wp-json\/wp\/v2\/pages\/6329#wpcf7-f2684-o1\" method=\"post\" class=\"wpcf7-form init\" aria-label=\"Contact form\" novalidate=\"novalidate\" data-status=\"init\">\n<div style=\"display: none;\">\n<input type=\"hidden\" name=\"_wpcf7\" value=\"2684\" \/>\n<input type=\"hidden\" name=\"_wpcf7_version\" value=\"5.8.3\" \/>\n<input type=\"hidden\" name=\"_wpcf7_locale\" value=\"en_US\" \/>\n<input type=\"hidden\" name=\"_wpcf7_unit_tag\" value=\"wpcf7-f2684-o1\" \/>\n<input type=\"hidden\" name=\"_wpcf7_container_post\" value=\"0\" \/>\n<input type=\"hidden\" name=\"_wpcf7_posted_data_hash\" value=\"\" \/>\n<\/div>\n<div class=\"qodef-contact-us\">\n<span class=\"wpcf7-form-control-wrap\" data-name=\"your-name\"><input size=\"40\" class=\"wpcf7-form-control wpcf7-text wpcf7-validates-as-required\" aria-required=\"true\" aria-invalid=\"false\" placeholder=\"Name*\" value=\"\" type=\"text\" name=\"your-name\" \/><\/span>\n\n<span class=\"wpcf7-form-control-wrap\" data-name=\"your-email\"><input size=\"40\" class=\"wpcf7-form-control wpcf7-email wpcf7-validates-as-required wpcf7-text wpcf7-validates-as-email\" aria-required=\"true\" aria-invalid=\"false\" placeholder=\"Email*\" value=\"\" type=\"email\" name=\"your-email\" \/><\/span>\n\n<span class=\"wpcf7-form-control-wrap\" data-name=\"your-message\"><textarea cols=\"40\" rows=\"10\" class=\"wpcf7-form-control wpcf7-textarea\" aria-invalid=\"false\" placeholder=\"Message\" name=\"your-message\"><\/textarea><\/span> \n\n<button class=\"wpcf7-form-control wpcf7-submit qodef-button qodef-size--small qodef-layout--filled qodef-m\" type=\"submit\"><span class=\"qodef-m-text\">Submit<\/span><\/button>\n<\/div><div class=\"wpcf7-response-output\" aria-hidden=\"true\"><\/div>\n<\/form>\n<\/div>\n\t\t\t<\/div>\n\t\t\t\t\t<\/div>\n\t\t\t\t<\/div>\n\t\t\t\t\t<\/div>\n\t\t<\/div>\n\t\t\t\t\t\t\t<\/div>\n\t\t<\/section>\n\t\t\t\t\t\t\t<\/div>\n\t\t","protected":false},"excerpt":{"rendered":"<p>B\u0130Z\u0130M \u0130LE \u0130LET\u0130\u015e\u0130ME GE\u00c7\u0130N Bize Ula\u015f\u0131n Yurtd\u0131\u015f\u0131 e\u011fitim almak istiyor ve merak etti\u011finiz konular var ise bizim ile ileti\u015fime ge\u00e7ebilirsiniz. phone: +905373159246 adress: Roterdam, Netherlands email: info@egyeducation.com website:EGY Education<\/p>\n","protected":false},"author":1,"featured_media":6341,"parent":0,"menu_order":0,"comment_status":"closed","ping_status":"closed","template":"","meta":{"_monsterinsights_skip_tracking":false,"_monsterinsights_sitenote_active":false,"_monsterinsights_sitenote_note":"","_monsterinsights_sitenote_category":0,"footnotes":""},"class_list":["post-6329","page","type-page","status-publish","has-post-thumbnail","hentry"],"yoast_head":"\n<title>\u0130leti\u015fim - EGY<\/title>\n<meta name=\"robots\" content=\"index, follow, max-snippet:-1, max-image-preview:large, max-video-preview:-1\" \/>\n<link rel=\"canonical\" href=\"https:\/\/egyeducation.com\/index.php\/iletisim\/\" \/>\n<meta property=\"og:locale\" content=\"en_US\" \/>\n<meta property=\"og:type\" content=\"article\" \/>\n<meta property=\"og:title\" content=\"\u0130leti\u015fim - EGY\" \/>\n<meta property=\"og:description\" content=\"B\u0130Z\u0130M \u0130LE \u0130LET\u0130\u015e\u0130ME GE\u00c7\u0130N Bize Ula\u015f\u0131n Yurtd\u0131\u015f\u0131 e\u011fitim almak istiyor ve merak etti\u011finiz konular var ise bizim ile ileti\u015fime ge\u00e7ebilirsiniz. phone: +905373159246 adress: Roterdam, Netherlands email: info@egyeducation.com website:EGY Education\" \/>\n<meta property=\"og:url\" content=\"https:\/\/egyeducation.com\/index.php\/iletisim\/\" \/>\n<meta property=\"og:site_name\" content=\"EGY\" \/>\n<meta property=\"article:modified_time\" content=\"2024-05-07T10:51:44+00:00\" \/>\n<meta property=\"og:image\" content=\"http:\/\/egyeducation.com\/glulipte\/2023\/10\/Untitled-6-1024x683.png\" \/>\n\t<meta property=\"og:image:width\" content=\"1024\" \/>\n\t<meta property=\"og:image:height\" content=\"683\" \/>\n\t<meta property=\"og:image:type\" content=\"image\/png\" \/>\n<meta name=\"twitter:card\" content=\"summary_large_image\" \/>\n<meta name=\"twitter:label1\" content=\"Est. reading time\" \/>\n\t<meta name=\"twitter:data1\" content=\"1 minute\" \/>\n<script type=\"application\/ld+json\" class=\"yoast-schema-graph\">{\"@context\":\"https:\/\/schema.org\",\"@graph\":[{\"@type\":\"WebPage\",\"@id\":\"https:\/\/egyeducation.com\/index.php\/iletisim\/\",\"url\":\"https:\/\/egyeducation.com\/index.php\/iletisim\/\",\"name\":\"\u0130leti\u015fim - EGY\",\"isPartOf\":{\"@id\":\"https:\/\/egyeducation.com\/#website\"},\"datePublished\":\"2023-10-31T21:16:16+00:00\",\"dateModified\":\"2024-05-07T10:51:44+00:00\",\"breadcrumb\":{\"@id\":\"https:\/\/egyeducation.com\/index.php\/iletisim\/#breadcrumb\"},\"inLanguage\":\"en-US\",\"potentialAction\":[{\"@type\":\"ReadAction\",\"target\":[\"https:\/\/egyeducation.com\/index.php\/iletisim\/\"]}]},{\"@type\":\"BreadcrumbList\",\"@id\":\"https:\/\/egyeducation.com\/index.php\/iletisim\/#breadcrumb\",\"itemListElement\":[{\"@type\":\"ListItem\",\"position\":1,\"name\":\"Home\",\"item\":\"https:\/\/egyeducation.com\/\"},{\"@type\":\"ListItem\",\"position\":2,\"name\":\"\u0130leti\u015fim\"}]},{\"@type\":\"WebSite\",\"@id\":\"https:\/\/egyeducation.com\/#website\",\"url\":\"https:\/\/egyeducation.com\/\",\"name\":\"EGY\",\"description\":\"\",\"publisher\":{\"@id\":\"https:\/\/egyeducation.com\/#organization\"},\"potentialAction\":[{\"@type\":\"SearchAction\",\"target\":{\"@type\":\"EntryPoint\",\"urlTemplate\":\"https:\/\/egyeducation.com\/?s={search_term_string}\"},\"query-input\":\"required name=search_term_string\"}],\"inLanguage\":\"en-US\"},{\"@type\":\"Organization\",\"@id\":\"https:\/\/egyeducation.com\/#organization\",\"name\":\"EGY\",\"url\":\"https:\/\/egyeducation.com\/\",\"logo\":{\"@type\":\"ImageObject\",\"inLanguage\":\"en-US\",\"@id\":\"https:\/\/egyeducation.com\/#\/schema\/logo\/image\/\",\"url\":\"https:\/\/egyeducation.com\/glulipte\/2023\/11\/cropped-1-2.png\",\"contentUrl\":\"https:\/\/egyeducation.com\/glulipte\/2023\/11\/cropped-1-2.png\",\"width\":1080,\"height\":1080,\"caption\":\"EGY\"},\"image\":{\"@id\":\"https:\/\/egyeducation.com\/#\/schema\/logo\/image\/\"}}]}<\/script>\n","yoast_head_json":{"title":"\u0130leti\u015fim - EGY","robots":{"index":"index","follow":"follow","max-snippet":"max-snippet:-1","max-image-preview":"max-image-preview:large","max-video-preview":"max-video-preview:-1"},"canonical":"https:\/\/egyeducation.com\/index.php\/iletisim\/","og_locale":"en_US","og_type":"article","og_title":"\u0130leti\u015fim - EGY","og_description":"B\u0130Z\u0130M \u0130LE \u0130LET\u0130\u015e\u0130ME GE\u00c7\u0130N Bize Ula\u015f\u0131n Yurtd\u0131\u015f\u0131 e\u011fitim almak istiyor ve merak etti\u011finiz konular var ise bizim ile ileti\u015fime ge\u00e7ebilirsiniz. phone: +905373159246 adress: Roterdam, Netherlands email: info@egyeducation.com website:EGY Education","og_url":"https:\/\/egyeducation.com\/index.php\/iletisim\/","og_site_name":"EGY","article_modified_time":"2024-05-07T10:51:44+00:00","og_image":[{"width":1024,"height":683,"url":"http:\/\/egyeducation.com\/glulipte\/2023\/10\/Untitled-6-1024x683.png","type":"image\/png"}],"twitter_card":"summary_large_image","twitter_misc":{"Est. reading time":"1 minute"},"schema":{"@context":"https:\/\/schema.org","@graph":[{"@type":"WebPage","@id":"https:\/\/egyeducation.com\/index.php\/iletisim\/","url":"https:\/\/egyeducation.com\/index.php\/iletisim\/","name":"\u0130leti\u015fim - EGY","isPartOf":{"@id":"https:\/\/egyeducation.com\/#website"},"datePublished":"2023-10-31T21:16:16+00:00","dateModified":"2024-05-07T10:51:44+00:00","breadcrumb":{"@id":"https:\/\/egyeducation.com\/index.php\/iletisim\/#breadcrumb"},"inLanguage":"en-US","potentialAction":[{"@type":"ReadAction","target":["https:\/\/egyeducation.com\/index.php\/iletisim\/"]}]},{"@type":"BreadcrumbList","@id":"https:\/\/egyeducation.com\/index.php\/iletisim\/#breadcrumb","itemListElement":[{"@type":"ListItem","position":1,"name":"Home","item":"https:\/\/egyeducation.com\/"},{"@type":"ListItem","position":2,"name":"\u0130leti\u015fim"}]},{"@type":"WebSite","@id":"https:\/\/egyeducation.com\/#website","url":"https:\/\/egyeducation.com\/","name":"EGY","description":"","publisher":{"@id":"https:\/\/egyeducation.com\/#organization"},"potentialAction":[{"@type":"SearchAction","target":{"@type":"EntryPoint","urlTemplate":"https:\/\/egyeducation.com\/?s={search_term_string}"},"query-input":"required name=search_term_string"}],"inLanguage":"en-US"},{"@type":"Organization","@id":"https:\/\/egyeducation.com\/#organization","name":"EGY","url":"https:\/\/egyeducation.com\/","logo":{"@type":"ImageObject","inLanguage":"en-US","@id":"https:\/\/egyeducation.com\/#\/schema\/logo\/image\/","url":"https:\/\/egyeducation.com\/glulipte\/2023\/11\/cropped-1-2.png","contentUrl":"https:\/\/egyeducation.com\/glulipte\/2023\/11\/cropped-1-2.png","width":1080,"height":1080,"caption":"EGY"},"image":{"@id":"https:\/\/egyeducation.com\/#\/schema\/logo\/image\/"}}]}},"_links":{"self":[{"href":"https:\/\/egyeducation.com\/index.php\/wp-json\/wp\/v2\/pages\/6329","targetHints":{"allow":["GET"]}}],"collection":[{"href":"https:\/\/egyeducation.com\/index.php\/wp-json\/wp\/v2\/pages"}],"about":[{"href":"https:\/\/egyeducation.com\/index.php\/wp-json\/wp\/v2\/types\/page"}],"author":[{"embeddable":true,"href":"https:\/\/egyeducation.com\/index.php\/wp-json\/wp\/v2\/users\/1"}],"replies":[{"embeddable":true,"href":"https:\/\/egyeducation.com\/index.php\/wp-json\/wp\/v2\/comments?post=6329"}],"version-history":[{"count":33,"href":"https:\/\/egyeducation.com\/index.php\/wp-json\/wp\/v2\/pages\/6329\/revisions"}],"predecessor-version":[{"id":6970,"href":"https:\/\/egyeducation.com\/index.php\/wp-json\/wp\/v2\/pages\/6329\/revisions\/6970"}],"wp:featuredmedia":[{"embeddable":true,"href":"https:\/\/egyeducation.com\/index.php\/wp-json\/wp\/v2\/media\/6341"}],"wp:attachment":[{"href":"https:\/\/egyeducation.com\/index.php\/wp-json\/wp\/v2\/media?parent=6329"}],"curies":[{"name":"wp","href":"https:\/\/api.w.org\/{rel}","templated":true}]}}