{"id":6449,"date":"2023-11-01T11:40:18","date_gmt":"2023-11-01T11:40:18","guid":{"rendered":"https:\/\/egyeducation.com\/?page_id=6449"},"modified":"2023-11-01T12:27:26","modified_gmt":"2023-11-01T12:27:26","slug":"cerez-ve-gizlilik-politikasi","status":"publish","type":"page","link":"https:\/\/egyeducation.com\/index.php\/cerez-ve-gizlilik-politikasi\/","title":{"rendered":"\u00c7erez ve Gizlilik Politikas\u0131"},"content":{"rendered":"\t\t<div data-elementor-type=\"wp-page\" data-elementor-id=\"6449\" class=\"elementor elementor-6449\">\n\t\t\t\t\t\t\t\t\t<section class=\"elementor-section elementor-top-section elementor-element elementor-element-e0fd3e1 elementor-section-full_width qodef-elementor-content-grid elementor-section-height-default elementor-section-height-default\" data-id=\"e0fd3e1\" data-element_type=\"section\">\n\t\t\t\t\t\t<div class=\"elementor-container elementor-column-gap-default\">\n\t\t\t\t\t<div class=\"elementor-column elementor-col-100 elementor-top-column elementor-element elementor-element-b5bdb00\" data-id=\"b5bdb00\" data-element_type=\"column\">\n\t\t\t<div class=\"elementor-widget-wrap elementor-element-populated\">\n\t\t\t\t\t\t\t\t<div class=\"elementor-element elementor-element-fc3e4eb elementor-widget elementor-widget-learnwell_core_section_title\" data-id=\"fc3e4eb\" data-element_type=\"widget\" data-widget_type=\"learnwell_core_section_title.default\">\n\t\t\t\t<div class=\"elementor-widget-container\">\n\t\t\t<div class=\"qodef-shortcode qodef-m  qodef-section-title qodef-alignment--left \">\n\t\t\t<h2 class=\"qodef-m-title\" style=\"margin-top: 10px\">\n\t\t\t\t\t\u00c7erez ve Gizlilik Politikas\u0131\t\t\t<\/h2>\n\t<\/div>\n\t\t<\/div>\n\t\t\t\t<\/div>\n\t\t\t\t<div class=\"elementor-element elementor-element-32a57b9 elementor-widget elementor-widget-text-editor\" data-id=\"32a57b9\" data-element_type=\"widget\" data-widget_type=\"text-editor.default\">\n\t\t\t\t<div class=\"elementor-widget-container\">\n\t\t\t<style>\/*! elementor - v3.17.0 - 08-11-2023 *\/\n.elementor-widget-text-editor.elementor-drop-cap-view-stacked .elementor-drop-cap{background-color:#69727d;color:#fff}.elementor-widget-text-editor.elementor-drop-cap-view-framed .elementor-drop-cap{color:#69727d;border:3px solid;background-color:transparent}.elementor-widget-text-editor:not(.elementor-drop-cap-view-default) .elementor-drop-cap{margin-top:8px}.elementor-widget-text-editor:not(.elementor-drop-cap-view-default) .elementor-drop-cap-letter{width:1em;height:1em}.elementor-widget-text-editor .elementor-drop-cap{float:left;text-align:center;line-height:1;font-size:50px}.elementor-widget-text-editor .elementor-drop-cap-letter{display:inline-block}<\/style>\t\t\t\t<p>EGY, mahremiyetinizi korumay\u0131 ve bunlara sayg\u0131 g\u00f6stermeyi taahh\u00fct eder. T\u00fcm m\u00fc\u015fterilerimizin ve site kullan\u0131c\u0131lar\u0131n\u0131n gizlili\u011fini ciddiye al\u0131yoruz ve ki\u015fisel bilgilerinizi korumak i\u00e7in b\u00fcy\u00fck \u00f6zen g\u00f6steriyoruz.<\/p><p><ins>\u015eirket Bilgileri<\/ins><br \/>Kartal\/\u0130STANBUL<br \/>Tel: +90 212 800 00 00<br \/>Faks:<span style=\"background-color: #ffffff;\">+90 212 800 00 01<\/span><br \/>E-mail: info@egyeducation.com<\/p><p><ins>Gizlilik ve Genel \u0130lkeler<\/ins><br \/>Bu politika, bu web sitesini kullanan ger\u00e7ek ki\u015filer hakk\u0131nda ki\u015fisel olarak tan\u0131mlanabilir bilgilerin (toplanmas\u0131, kullan\u0131lmas\u0131, aktar\u0131lmas\u0131, depolanmas\u0131 ve silinmesi de dahil olmak \u00fczere) her t\u00fcrl\u00fc i\u015flemeyi (fiziksel bir ki\u015fiyi tan\u0131mlamak i\u00e7in kullan\u0131labilecek herhangi bir bilgiyi ve bununla ili\u015fkili di\u011fer bilgileri) y\u00f6netir. Bu politika, d\u00fcnyan\u0131n herhangi bir yerindeki ki\u015filerden \u00e7evrimi\u00e7i olarak aktif ve pasif olarak \u00e7evrimi\u00e7i olarak toplanan verilerin i\u015flenmesi i\u00e7in de ge\u00e7erlidir. Ki\u015fisel verilerin i\u015flenmesiyle ilgili herhangi bir soru, \u015fu adrese y\u00f6nlendirilebilir: info@egyeducation.com<\/p><p>Sizden hangi bilgileri toplayabilece\u011fimizi, onu nas\u0131l kullanabilece\u011fimizi ve kullan\u0131m\u0131m\u0131zla ilgili haklar\u0131n\u0131z\u0131 anlamak i\u00e7in l\u00fctfen a\u015fa\u011f\u0131daki politikay\u0131 dikkatlice okuyun.<\/p><p>Verileri i\u015flerken a\u015fa\u011f\u0131daki ilkelere rehberlik edece\u011fiz.<br \/>Sadece belirli ve belirli ama\u00e7lar i\u00e7in veri toplayaca\u011f\u0131z.<br \/>Bu ama\u00e7lar\u0131 ger\u00e7ekle\u015ftirmek i\u00e7in gerekenlerin \u00f6tesinde veri toplamayaca\u011f\u0131z.<br \/>Verileri, burada belirtilenler d\u0131\u015f\u0131nda veya \u00f6nceden izin almaks\u0131z\u0131n toplanan veriler d\u0131\u015f\u0131ndaki ama\u00e7lar i\u00e7in kullanmayaca\u011f\u0131z.<br \/>Verileri burada belirtilenler d\u0131\u015f\u0131nda veya \u00f6nceden izin almaks\u0131z\u0131n \u00fc\u00e7\u00fcnc\u00fc ki\u015filere veya s\u0131n\u0131r \u00f6tesi ki\u015filere aktarmayaca\u011f\u0131z.<br \/>Verileri periyodik olarak do\u011frulamaya ve \/ veya g\u00fcncellemeye \u00e7al\u0131\u015faca\u011f\u0131z ve ki\u015fisel verilerin de\u011fi\u015ftirilmesi i\u00e7in talepleri kabul edece\u011fiz.<br \/>Verilerin i\u015flenmesini g\u00fcvenli hale getirmek i\u00e7in y\u00fcksek teknik standartlar uygulayaca\u011f\u0131z.<br \/>Burada belirtilmedi\u011fi s\u00fcrece, amac\u0131n\u0131 yerine getirmek i\u00e7in gerekenden daha uzun s\u00fcre veya yasalar\u0131n gerektirdi\u011fi \u015fekilde verileri tan\u0131mlanabilir bi\u00e7imde depolamayaca\u011f\u0131z.<\/p><p><ins>IP Adresleri ve \u00c7erezler<\/ins><br \/>Web sitemize girdikten sonra herhangi bir noktadan, IP adresiniz, i\u015fletim sisteminiz ve taray\u0131c\u0131 t\u00fcr\u00fcn\u00fcz dahil kullan\u0131c\u0131 analizi i\u00e7in bilgisayar\u0131n\u0131z hakk\u0131nda bilgi toplayabiliriz. Bu, kullan\u0131c\u0131lar\u0131n g\u00f6z atma eylemleri ve kal\u0131plar\u0131 hakk\u0131ndaki istatistiksel verilerdir ve bu bilgiler, bilgilendirilmi\u015f r\u0131zas\u0131 olan bir kullan\u0131c\u0131 taraf\u0131ndan verilmedi\u011fi s\u00fcrece herhangi bir bireyi tan\u0131mlamaz.<\/p><p>Bilgisayar\u0131n\u0131z\u0131n sabit diskinde depolanan bir \u00e7erez dosyas\u0131n\u0131 kullanarak genel \u0130nternet kullan\u0131m\u0131n\u0131z hakk\u0131nda bilgi alabiliriz. \u00c7erezler, bilgisayar\u0131n\u0131z\u0131n sabit diskine aktar\u0131lan bilgileri i\u00e7erir. Web sitemizi geli\u015ftirmemize ve daha iyi ve ki\u015fiselle\u015ftirilmi\u015f bir hizmet sunmam\u0131za yard\u0131mc\u0131 oluyorlar. \u00d6zetle, kulland\u0131\u011f\u0131m\u0131z \u00e7erezler bize izin veriyor:<br \/>Genel kitle boyutumuzu ve sitemizi nas\u0131l kulland\u0131klar\u0131n\u0131 tahmin etmek<\/p><p>Sitemize d\u00f6nd\u00fc\u011f\u00fcn\u00fczde sizi tan\u0131mak i\u00e7in<br \/>Sitemizi ki\u015fisel ilgi alanlar\u0131n\u0131za g\u00f6re \u00f6zelle\u015ftirmemize izin vermek i\u00e7in tercihleriniz hakk\u0131nda bilgi depolamak i\u00e7in<br \/>Aramalar\u0131n\u0131z\u0131 h\u0131zland\u0131rmak i\u00e7in<br \/>Ayr\u0131ca baz\u0131 \u00fc\u00e7\u00fcnc\u00fc taraflar\u0131n web sitemizi kullan\u0131rken \u00e7erezleri toplamalar\u0131na izin verece\u011fiz. \u00d6zet olarak, \u00e7erezler bize \u015funlar\u0131 sa\u011flayacakt\u0131r:<br \/>Ziyaret etti\u011finiz ilk ve son sayfalar\u0131 ve web sitesine yap\u0131lan toplam ziyaret say\u0131n\u0131z\u0131 izleyin.<br \/>Web sitemizde bulunan herhangi bir sayfada ne kadar zaman harcad\u0131\u011f\u0131n\u0131z\u0131 izleyin.<br \/>Web sitesini nas\u0131l ziyaret etti\u011finizi izleyin.<br \/>Anahtar kelime aramalar\u0131, arama motoru bilgileri veya y\u00f6nlendirenleri i\u00e7eren web sitesine nas\u0131l girdi\u011finizi izleyin.<br \/>Eri\u015fti\u011finiz kaynaklar\u0131 izleyin.<\/p><p><ins>Bilgilerinizi nas\u0131l kullanaca\u011f\u0131z?<\/ins><br \/>Hakk\u0131n\u0131zda tutulan bilgileri a\u015fa\u011f\u0131daki \u015fekillerde kullanabiliriz:<br \/>Tercihlerinizi yerine getirmek i\u00e7in uygun, daha ki\u015fiselle\u015ftirilmi\u015f bir hizmet sunmam\u0131za yard\u0131mc\u0131 olacak bir profil olu\u015fturmak i\u00e7in.<br \/>Sitemizdeki i\u00e7eriklerin siz ve bilgisayar\u0131n\u0131z i\u00e7in en etkili \u015fekilde sunulmas\u0131n\u0131 sa\u011flamak.<br \/>Size haber b\u00fcltenlerimizi g\u00f6ndermek veya bizden talep etti\u011finiz veya ilginizi \u00e7ekebilece\u011fini d\u00fc\u015f\u00fcnd\u00fc\u011f\u00fcm\u00fcz, bu gibi ama\u00e7larla ileti\u015fim kurmay\u0131 kabul etti\u011finiz bilgileri, \u00fcr\u00fcnleri veya hizmetleri size sunmak i\u00e7in.<br \/>Bunu se\u00e7ti\u011finizde, hizmetimizin etkile\u015fimli \u00f6zelliklerine kat\u0131lman\u0131za izin vermek i\u00e7in.<br \/>Size servisimizdeki de\u011fi\u015fiklikler hakk\u0131nda bilgi vermek.<\/p><p><ins>Ki\u015fisel Bilgiler<\/ins>\u00a0&#8211; Bu web sitesini kullan\u0131rken veya EGY Education ile i\u015f yaparken ki\u015fisel olarak, kullan\u0131c\u0131 taraf\u0131ndan ileti\u015fim amac\u0131yla (ad, adres, telefon numaras\u0131, e-posta) verilmi\u015f olabilir. Bu bilgilerin veritaban\u0131m\u0131zdan silinmesi i\u00e7in istedi\u011finiz zaman bize ula\u015fabilirsiniz.<\/p><p><ins>\u00c7erezler<\/ins> &#8211; \u00c7o\u011fu taray\u0131c\u0131 \u00e7erezleri otomatik olarak kabul eder. Taray\u0131c\u0131n\u0131z\u0131 \u00e7erezleri kabul etmeyecek \u015fekilde ayarlayarak \u00e7erezlerin bilgisayar\u0131n\u0131zda veya cihaz\u0131n\u0131zda saklanmas\u0131n\u0131 \u00f6nleyebilirsiniz. Baz\u0131 taray\u0131c\u0131lar, bir ziyaretten sonra \u00e7erezlerin her zaman silindi\u011fi bir mod sa\u011flar. Bunun i\u00e7in tam talimatlar, taray\u0131c\u0131n\u0131z\u0131n k\u0131lavuzunda bulunabilir. Bilgisayar\u0131n\u0131zda veya cihaz\u0131n\u0131zda bulunan \u00e7erezleri istedi\u011finiz zaman silebilirsiniz. \u00c7erezleri hi\u00e7 kabul etmemeyi se\u00e7erseniz, web sitemizi yine de ziyaret edebilirsiniz, ancak \u00e7erezler olmadan en iyi deneyimi garanti edemeyiz.\u00a0<\/p>\t\t\t\t\t\t<\/div>\n\t\t\t\t<\/div>\n\t\t\t\t\t<\/div>\n\t\t<\/div>\n\t\t\t\t\t\t\t<\/div>\n\t\t<\/section>\n\t\t\t\t\t\t\t<\/div>\n\t\t","protected":false},"excerpt":{"rendered":"<p>\u00c7erez ve Gizlilik Politikas\u0131 EGY, mahremiyetinizi korumay\u0131 ve bunlara sayg\u0131 g\u00f6stermeyi taahh\u00fct eder. T\u00fcm m\u00fc\u015fterilerimizin ve site kullan\u0131c\u0131lar\u0131n\u0131n gizlili\u011fini ciddiye al\u0131yoruz ve ki\u015fisel bilgilerinizi korumak i\u00e7in b\u00fcy\u00fck \u00f6zen g\u00f6steriyoruz. \u015eirket Bilgileri Kartal\/\u0130STANBUL Tel: +90 212 800 00 00 Faks:+90 212 800 00 01 E-mail: info@egyeducation.com Gizlilik ve Genel \u0130lkeler Bu politika, bu web sitesini kullanan [&hellip;]<\/p>\n","protected":false},"author":1,"featured_media":0,"parent":0,"menu_order":0,"comment_status":"closed","ping_status":"closed","template":"page-full-width.php","meta":{"_monsterinsights_skip_tracking":false,"_monsterinsights_sitenote_active":false,"_monsterinsights_sitenote_note":"","_monsterinsights_sitenote_category":0,"footnotes":""},"class_list":["post-6449","page","type-page","status-publish","hentry"],"yoast_head":"\n<title>\u00c7erez ve Gizlilik Politikas\u0131 - EGY<\/title>\n<meta name=\"robots\" content=\"index, follow, max-snippet:-1, max-image-preview:large, max-video-preview:-1\" \/>\n<link rel=\"canonical\" href=\"https:\/\/egyeducation.com\/index.php\/cerez-ve-gizlilik-politikasi\/\" \/>\n<meta property=\"og:locale\" content=\"en_US\" \/>\n<meta property=\"og:type\" content=\"article\" \/>\n<meta property=\"og:title\" content=\"\u00c7erez ve Gizlilik Politikas\u0131 - EGY\" \/>\n<meta property=\"og:description\" content=\"\u00c7erez ve Gizlilik Politikas\u0131 EGY, mahremiyetinizi korumay\u0131 ve bunlara sayg\u0131 g\u00f6stermeyi taahh\u00fct eder. T\u00fcm m\u00fc\u015fterilerimizin ve site kullan\u0131c\u0131lar\u0131n\u0131n gizlili\u011fini ciddiye al\u0131yoruz ve ki\u015fisel bilgilerinizi korumak i\u00e7in b\u00fcy\u00fck \u00f6zen g\u00f6steriyoruz. \u015eirket Bilgileri Kartal\/\u0130STANBUL Tel: +90 212 800 00 00 Faks:+90 212 800 00 01 E-mail: info@egyeducation.com Gizlilik ve Genel \u0130lkeler Bu politika, bu web sitesini kullanan [&hellip;]\" \/>\n<meta property=\"og:url\" content=\"https:\/\/egyeducation.com\/index.php\/cerez-ve-gizlilik-politikasi\/\" \/>\n<meta property=\"og:site_name\" content=\"EGY\" \/>\n<meta property=\"article:modified_time\" content=\"2023-11-01T12:27:26+00:00\" \/>\n<meta name=\"twitter:card\" content=\"summary_large_image\" \/>\n<meta name=\"twitter:label1\" content=\"Est. reading time\" \/>\n\t<meta name=\"twitter:data1\" content=\"3 minutes\" \/>\n<script type=\"application\/ld+json\" class=\"yoast-schema-graph\">{\"@context\":\"https:\/\/schema.org\",\"@graph\":[{\"@type\":\"WebPage\",\"@id\":\"https:\/\/egyeducation.com\/index.php\/cerez-ve-gizlilik-politikasi\/\",\"url\":\"https:\/\/egyeducation.com\/index.php\/cerez-ve-gizlilik-politikasi\/\",\"name\":\"\u00c7erez ve Gizlilik Politikas\u0131 - EGY\",\"isPartOf\":{\"@id\":\"https:\/\/egyeducation.com\/#website\"},\"datePublished\":\"2023-11-01T11:40:18+00:00\",\"dateModified\":\"2023-11-01T12:27:26+00:00\",\"breadcrumb\":{\"@id\":\"https:\/\/egyeducation.com\/index.php\/cerez-ve-gizlilik-politikasi\/#breadcrumb\"},\"inLanguage\":\"en-US\",\"potentialAction\":[{\"@type\":\"ReadAction\",\"target\":[\"https:\/\/egyeducation.com\/index.php\/cerez-ve-gizlilik-politikasi\/\"]}]},{\"@type\":\"BreadcrumbList\",\"@id\":\"https:\/\/egyeducation.com\/index.php\/cerez-ve-gizlilik-politikasi\/#breadcrumb\",\"itemListElement\":[{\"@type\":\"ListItem\",\"position\":1,\"name\":\"Home\",\"item\":\"https:\/\/egyeducation.com\/\"},{\"@type\":\"ListItem\",\"position\":2,\"name\":\"\u00c7erez ve Gizlilik Politikas\u0131\"}]},{\"@type\":\"WebSite\",\"@id\":\"https:\/\/egyeducation.com\/#website\",\"url\":\"https:\/\/egyeducation.com\/\",\"name\":\"EGY\",\"description\":\"\",\"publisher\":{\"@id\":\"https:\/\/egyeducation.com\/#organization\"},\"potentialAction\":[{\"@type\":\"SearchAction\",\"target\":{\"@type\":\"EntryPoint\",\"urlTemplate\":\"https:\/\/egyeducation.com\/?s={search_term_string}\"},\"query-input\":\"required name=search_term_string\"}],\"inLanguage\":\"en-US\"},{\"@type\":\"Organization\",\"@id\":\"https:\/\/egyeducation.com\/#organization\",\"name\":\"EGY\",\"url\":\"https:\/\/egyeducation.com\/\",\"logo\":{\"@type\":\"ImageObject\",\"inLanguage\":\"en-US\",\"@id\":\"https:\/\/egyeducation.com\/#\/schema\/logo\/image\/\",\"url\":\"https:\/\/egyeducation.com\/glulipte\/2023\/11\/cropped-1-2.png\",\"contentUrl\":\"https:\/\/egyeducation.com\/glulipte\/2023\/11\/cropped-1-2.png\",\"width\":1080,\"height\":1080,\"caption\":\"EGY\"},\"image\":{\"@id\":\"https:\/\/egyeducation.com\/#\/schema\/logo\/image\/\"}}]}<\/script>\n","yoast_head_json":{"title":"\u00c7erez ve Gizlilik Politikas\u0131 - EGY","robots":{"index":"index","follow":"follow","max-snippet":"max-snippet:-1","max-image-preview":"max-image-preview:large","max-video-preview":"max-video-preview:-1"},"canonical":"https:\/\/egyeducation.com\/index.php\/cerez-ve-gizlilik-politikasi\/","og_locale":"en_US","og_type":"article","og_title":"\u00c7erez ve Gizlilik Politikas\u0131 - EGY","og_description":"\u00c7erez ve Gizlilik Politikas\u0131 EGY, mahremiyetinizi korumay\u0131 ve bunlara sayg\u0131 g\u00f6stermeyi taahh\u00fct eder. T\u00fcm m\u00fc\u015fterilerimizin ve site kullan\u0131c\u0131lar\u0131n\u0131n gizlili\u011fini ciddiye al\u0131yoruz ve ki\u015fisel bilgilerinizi korumak i\u00e7in b\u00fcy\u00fck \u00f6zen g\u00f6steriyoruz. \u015eirket Bilgileri Kartal\/\u0130STANBUL Tel: +90 212 800 00 00 Faks:+90 212 800 00 01 E-mail: info@egyeducation.com Gizlilik ve Genel \u0130lkeler Bu politika, bu web sitesini kullanan [&hellip;]","og_url":"https:\/\/egyeducation.com\/index.php\/cerez-ve-gizlilik-politikasi\/","og_site_name":"EGY","article_modified_time":"2023-11-01T12:27:26+00:00","twitter_card":"summary_large_image","twitter_misc":{"Est. reading time":"3 minutes"},"schema":{"@context":"https:\/\/schema.org","@graph":[{"@type":"WebPage","@id":"https:\/\/egyeducation.com\/index.php\/cerez-ve-gizlilik-politikasi\/","url":"https:\/\/egyeducation.com\/index.php\/cerez-ve-gizlilik-politikasi\/","name":"\u00c7erez ve Gizlilik Politikas\u0131 - EGY","isPartOf":{"@id":"https:\/\/egyeducation.com\/#website"},"datePublished":"2023-11-01T11:40:18+00:00","dateModified":"2023-11-01T12:27:26+00:00","breadcrumb":{"@id":"https:\/\/egyeducation.com\/index.php\/cerez-ve-gizlilik-politikasi\/#breadcrumb"},"inLanguage":"en-US","potentialAction":[{"@type":"ReadAction","target":["https:\/\/egyeducation.com\/index.php\/cerez-ve-gizlilik-politikasi\/"]}]},{"@type":"BreadcrumbList","@id":"https:\/\/egyeducation.com\/index.php\/cerez-ve-gizlilik-politikasi\/#breadcrumb","itemListElement":[{"@type":"ListItem","position":1,"name":"Home","item":"https:\/\/egyeducation.com\/"},{"@type":"ListItem","position":2,"name":"\u00c7erez ve Gizlilik Politikas\u0131"}]},{"@type":"WebSite","@id":"https:\/\/egyeducation.com\/#website","url":"https:\/\/egyeducation.com\/","name":"EGY","description":"","publisher":{"@id":"https:\/\/egyeducation.com\/#organization"},"potentialAction":[{"@type":"SearchAction","target":{"@type":"EntryPoint","urlTemplate":"https:\/\/egyeducation.com\/?s={search_term_string}"},"query-input":"required name=search_term_string"}],"inLanguage":"en-US"},{"@type":"Organization","@id":"https:\/\/egyeducation.com\/#organization","name":"EGY","url":"https:\/\/egyeducation.com\/","logo":{"@type":"ImageObject","inLanguage":"en-US","@id":"https:\/\/egyeducation.com\/#\/schema\/logo\/image\/","url":"https:\/\/egyeducation.com\/glulipte\/2023\/11\/cropped-1-2.png","contentUrl":"https:\/\/egyeducation.com\/glulipte\/2023\/11\/cropped-1-2.png","width":1080,"height":1080,"caption":"EGY"},"image":{"@id":"https:\/\/egyeducation.com\/#\/schema\/logo\/image\/"}}]}},"_links":{"self":[{"href":"https:\/\/egyeducation.com\/index.php\/wp-json\/wp\/v2\/pages\/6449","targetHints":{"allow":["GET"]}}],"collection":[{"href":"https:\/\/egyeducation.com\/index.php\/wp-json\/wp\/v2\/pages"}],"about":[{"href":"https:\/\/egyeducation.com\/index.php\/wp-json\/wp\/v2\/types\/page"}],"author":[{"embeddable":true,"href":"https:\/\/egyeducation.com\/index.php\/wp-json\/wp\/v2\/users\/1"}],"replies":[{"embeddable":true,"href":"https:\/\/egyeducation.com\/index.php\/wp-json\/wp\/v2\/comments?post=6449"}],"version-history":[{"count":8,"href":"https:\/\/egyeducation.com\/index.php\/wp-json\/wp\/v2\/pages\/6449\/revisions"}],"predecessor-version":[{"id":6458,"href":"https:\/\/egyeducation.com\/index.php\/wp-json\/wp\/v2\/pages\/6449\/revisions\/6458"}],"wp:attachment":[{"href":"https:\/\/egyeducation.com\/index.php\/wp-json\/wp\/v2\/media?parent=6449"}],"curies":[{"name":"wp","href":"https:\/\/api.w.org\/{rel}","templated":true}]}}