{"id":6523,"date":"2023-11-22T13:09:03","date_gmt":"2023-11-22T13:09:03","guid":{"rendered":"https:\/\/egyeducation.com\/?page_id=6523"},"modified":"2024-08-27T11:28:31","modified_gmt":"2024-08-27T11:28:31","slug":"ekibimiz","status":"publish","type":"page","link":"https:\/\/egyeducation.com\/index.php\/ekibimiz\/","title":{"rendered":"\u0130\u015f Birliklerimiz"},"content":{"rendered":"\t\t<div data-elementor-type=\"wp-page\" data-elementor-id=\"6523\" class=\"elementor elementor-6523\">\n\t\t\t\t\t\t\t<div class=\"elementor-element elementor-element-7753ec1 e-con-full e-flex e-con e-parent\" data-id=\"7753ec1\" data-element_type=\"container\" data-settings=\"{&quot;content_width&quot;:&quot;full&quot;}\" data-core-v316-plus=\"true\">\n\t\t\t\t<div class=\"elementor-element elementor-element-824e523 elementor-widget elementor-widget-qi_addons_for_elementor_blog_list\" data-id=\"824e523\" data-element_type=\"widget\" data-widget_type=\"qi_addons_for_elementor_blog_list.default\">\n\t\t\t\t<div class=\"elementor-widget-container\">\n\t\t\t<div class=\"qodef-shortcode qodef-m qodef-addons-blog-list qodef-info-no-icons qodef-image--hover-zoom qodef-qi-grid qodef-layout--qi-columns qodef-col-num--3 qodef-item-layout--boxed qodef-responsive--predefined\" >\n\t<div class=\"qodef-grid-inner\">\n\t\t<article class=\"qodef-e qodef-blog-item qodef-grid-item qodef-item--full post-6719 post type-post status-publish format-standard has-post-thumbnail hentry category-consultant\">\n\t<div class=\"qodef-e-inner\">\n\t\t<div class=\"qodef-e-media-holder\">\n\t\t\t<div class=\"qodef-e-media\">\n\t\t<div class=\"qodef-e-media-image\">\n\t\t<a itemprop=\"url\" href=\"https:\/\/egyeducation.com\/index.php\/2023\/10\/23\/elif-gul-yilmazlar\/\">\n\t\t\t<img loading=\"lazy\" decoding=\"async\" width=\"500\" height=\"700\" src=\"https:\/\/egyeducation.com\/glulipte\/2023\/11\/5-1.png\" class=\"attachment-full size-full\" alt=\"\" srcset=\"https:\/\/egyeducation.com\/glulipte\/2023\/11\/5-1.png 500w, https:\/\/egyeducation.com\/glulipte\/2023\/11\/5-1-214x300.png 214w\" sizes=\"auto, (max-width: 500px) 100vw, 500px\" \/>\t\t<\/a>\n\t\t\t<\/div>\n<\/div>\n\t\t<\/div>\n\t\t<div class=\"qodef-e-content\">\n\t\t\t\t\t\t<div class=\"qodef-e-text\">\n\t\t\t\t<h5 itemprop=\"name\" class=\"qodef-e-title entry-title\">\n\t<a itemprop=\"url\" class=\"qodef-e-title-link\" href=\"https:\/\/egyeducation.com\/index.php\/2023\/10\/23\/elif-gul-yilmazlar\/\">\n\t\tElif G\u00fcl Y\u0131lmazlar \/ Hukuk\u00e7u \/ Rotterdam\t<\/a>\n<\/h5>\n\t\t\t<\/div>\n\t\t\t\t\t<\/div>\n\t<\/div>\n<\/article>\n<article class=\"qodef-e qodef-blog-item qodef-grid-item qodef-item--full post-6729 post type-post status-publish format-standard has-post-thumbnail hentry category-consultant\">\n\t<div class=\"qodef-e-inner\">\n\t\t<div class=\"qodef-e-media-holder\">\n\t\t\t<div class=\"qodef-e-media\">\n\t\t<div class=\"qodef-e-media-image\">\n\t\t<a itemprop=\"url\" href=\"https:\/\/egyeducation.com\/index.php\/2023\/09\/23\/funda-kocaarslan\/\">\n\t\t\t<img loading=\"lazy\" decoding=\"async\" width=\"500\" height=\"700\" src=\"https:\/\/egyeducation.com\/glulipte\/2023\/11\/6-1.png\" class=\"attachment-full size-full\" alt=\"\" srcset=\"https:\/\/egyeducation.com\/glulipte\/2023\/11\/6-1.png 500w, https:\/\/egyeducation.com\/glulipte\/2023\/11\/6-1-214x300.png 214w\" sizes=\"auto, (max-width: 500px) 100vw, 500px\" \/>\t\t<\/a>\n\t\t\t<\/div>\n<\/div>\n\t\t<\/div>\n\t\t<div class=\"qodef-e-content\">\n\t\t\t\t\t\t<div class=\"qodef-e-text\">\n\t\t\t\t<h5 itemprop=\"name\" class=\"qodef-e-title entry-title\">\n\t<a itemprop=\"url\" class=\"qodef-e-title-link\" href=\"https:\/\/egyeducation.com\/index.php\/2023\/09\/23\/funda-kocaarslan\/\">\n\t\tFunda Kocaarslan \/ Psikolojik dan\u0131\u015fman \/ Amsterdam\t<\/a>\n<\/h5>\n\t\t\t<\/div>\n\t\t\t\t\t<\/div>\n\t<\/div>\n<\/article>\n<article class=\"qodef-e qodef-blog-item qodef-grid-item qodef-item--full post-6739 post type-post status-publish format-standard has-post-thumbnail hentry category-consultant\">\n\t<div class=\"qodef-e-inner\">\n\t\t<div class=\"qodef-e-media-holder\">\n\t\t\t<div class=\"qodef-e-media\">\n\t\t<div class=\"qodef-e-media-image\">\n\t\t<a itemprop=\"url\" href=\"https:\/\/egyeducation.com\/index.php\/2023\/08\/23\/ovunc-aydin\/\">\n\t\t\t<img loading=\"lazy\" decoding=\"async\" width=\"500\" height=\"700\" src=\"https:\/\/egyeducation.com\/glulipte\/2023\/11\/7-1.png\" class=\"attachment-full size-full\" alt=\"\" srcset=\"https:\/\/egyeducation.com\/glulipte\/2023\/11\/7-1.png 500w, https:\/\/egyeducation.com\/glulipte\/2023\/11\/7-1-214x300.png 214w\" sizes=\"auto, (max-width: 500px) 100vw, 500px\" \/>\t\t<\/a>\n\t\t\t<\/div>\n<\/div>\n\t\t<\/div>\n\t\t<div class=\"qodef-e-content\">\n\t\t\t\t\t\t<div class=\"qodef-e-text\">\n\t\t\t\t<h5 itemprop=\"name\" class=\"qodef-e-title entry-title\">\n\t<a itemprop=\"url\" class=\"qodef-e-title-link\" href=\"https:\/\/egyeducation.com\/index.php\/2023\/08\/23\/ovunc-aydin\/\">\n\t\tG\u00f6khan Kumpas \/ Ekonomist \/ Los Angeles\t<\/a>\n<\/h5>\n\t\t\t<\/div>\n\t\t\t\t\t<\/div>\n\t<\/div>\n<\/article>\n<article class=\"qodef-e qodef-blog-item qodef-grid-item qodef-item--full post-6734 post type-post status-publish format-standard has-post-thumbnail hentry category-consultant\">\n\t<div class=\"qodef-e-inner\">\n\t\t<div class=\"qodef-e-media-holder\">\n\t\t\t<div class=\"qodef-e-media\">\n\t\t<div class=\"qodef-e-media-image\">\n\t\t<a itemprop=\"url\" href=\"https:\/\/egyeducation.com\/index.php\/2023\/07\/23\/gokhan-kumpas\/\">\n\t\t\t<img loading=\"lazy\" decoding=\"async\" width=\"500\" height=\"700\" src=\"https:\/\/egyeducation.com\/glulipte\/2023\/11\/9-1.png\" class=\"attachment-full size-full\" alt=\"\" srcset=\"https:\/\/egyeducation.com\/glulipte\/2023\/11\/9-1.png 500w, https:\/\/egyeducation.com\/glulipte\/2023\/11\/9-1-214x300.png 214w\" sizes=\"auto, (max-width: 500px) 100vw, 500px\" \/>\t\t<\/a>\n\t\t\t<\/div>\n<\/div>\n\t\t<\/div>\n\t\t<div class=\"qodef-e-content\">\n\t\t\t\t\t\t<div class=\"qodef-e-text\">\n\t\t\t\t<h5 itemprop=\"name\" class=\"qodef-e-title entry-title\">\n\t<a itemprop=\"url\" class=\"qodef-e-title-link\" href=\"https:\/\/egyeducation.com\/index.php\/2023\/07\/23\/gokhan-kumpas\/\">\n\t\t\u00d6v\u00fcn\u00e7 Ayd\u0131n \/ Hukuk\u00e7u \/ Paris\t<\/a>\n<\/h5>\n\t\t\t<\/div>\n\t\t\t\t\t<\/div>\n\t<\/div>\n<\/article>\n<article class=\"qodef-e qodef-blog-item qodef-grid-item qodef-item--full post-6747 post type-post status-publish format-standard has-post-thumbnail hentry category-consultant\">\n\t<div class=\"qodef-e-inner\">\n\t\t<div class=\"qodef-e-media-holder\">\n\t\t\t<div class=\"qodef-e-media\">\n\t\t<div class=\"qodef-e-media-image\">\n\t\t<a itemprop=\"url\" href=\"https:\/\/egyeducation.com\/index.php\/2023\/06\/23\/prof-dr-seniz-duru-koevoets\/\">\n\t\t\t<img loading=\"lazy\" decoding=\"async\" width=\"500\" height=\"700\" src=\"https:\/\/egyeducation.com\/glulipte\/2023\/11\/11-1.png\" class=\"attachment-full size-full\" alt=\"\" srcset=\"https:\/\/egyeducation.com\/glulipte\/2023\/11\/11-1.png 500w, https:\/\/egyeducation.com\/glulipte\/2023\/11\/11-1-214x300.png 214w\" sizes=\"auto, (max-width: 500px) 100vw, 500px\" \/>\t\t<\/a>\n\t\t\t<\/div>\n<\/div>\n\t\t<\/div>\n\t\t<div class=\"qodef-e-content\">\n\t\t\t\t\t\t<div class=\"qodef-e-text\">\n\t\t\t\t<h5 itemprop=\"name\" class=\"qodef-e-title entry-title\">\n\t<a itemprop=\"url\" class=\"qodef-e-title-link\" href=\"https:\/\/egyeducation.com\/index.php\/2023\/06\/23\/prof-dr-seniz-duru-koevoets\/\">\n\t\tProf. \u015eeniz Duru Koevoets \/ Piyanist \/ Eindhoven\t<\/a>\n<\/h5>\n\t\t\t<\/div>\n\t\t\t\t\t<\/div>\n\t<\/div>\n<\/article>\n<article class=\"qodef-e qodef-blog-item qodef-grid-item qodef-item--full post-6771 post type-post status-publish format-standard has-post-thumbnail hentry category-consultant\">\n\t<div class=\"qodef-e-inner\">\n\t\t<div class=\"qodef-e-media-holder\">\n\t\t\t<div class=\"qodef-e-media\">\n\t\t<div class=\"qodef-e-media-image\">\n\t\t<a itemprop=\"url\" href=\"https:\/\/egyeducation.com\/index.php\/2023\/03\/23\/ece-mese\/\">\n\t\t\t<img loading=\"lazy\" decoding=\"async\" width=\"500\" height=\"700\" src=\"https:\/\/egyeducation.com\/glulipte\/2023\/11\/3-1.png\" class=\"attachment-full size-full\" alt=\"\" srcset=\"https:\/\/egyeducation.com\/glulipte\/2023\/11\/3-1.png 500w, https:\/\/egyeducation.com\/glulipte\/2023\/11\/3-1-214x300.png 214w\" sizes=\"auto, (max-width: 500px) 100vw, 500px\" \/>\t\t<\/a>\n\t\t\t<\/div>\n<\/div>\n\t\t<\/div>\n\t\t<div class=\"qodef-e-content\">\n\t\t\t\t\t\t<div class=\"qodef-e-text\">\n\t\t\t\t<h5 itemprop=\"name\" class=\"qodef-e-title entry-title\">\n\t<a itemprop=\"url\" class=\"qodef-e-title-link\" href=\"https:\/\/egyeducation.com\/index.php\/2023\/03\/23\/ece-mese\/\">\n\t\tEce Me\u015fe \/ K\u00fclt\u00fcrel Antropolog-G\u00f6rsel Etnograf \/ Rotterdam\t<\/a>\n<\/h5>\n\t\t\t<\/div>\n\t\t\t\t\t<\/div>\n\t<\/div>\n<\/article>\n<article class=\"qodef-e qodef-blog-item qodef-grid-item qodef-item--full post-6781 post type-post status-publish format-standard has-post-thumbnail hentry category-consultant\">\n\t<div class=\"qodef-e-inner\">\n\t\t<div class=\"qodef-e-media-holder\">\n\t\t\t<div class=\"qodef-e-media\">\n\t\t<div class=\"qodef-e-media-image\">\n\t\t<a itemprop=\"url\" href=\"https:\/\/egyeducation.com\/index.php\/2023\/01\/23\/muammer-ovacam\/\">\n\t\t\t<img loading=\"lazy\" decoding=\"async\" width=\"500\" height=\"700\" src=\"https:\/\/egyeducation.com\/glulipte\/2023\/11\/8-1.png\" class=\"attachment-full size-full\" alt=\"\" srcset=\"https:\/\/egyeducation.com\/glulipte\/2023\/11\/8-1.png 500w, https:\/\/egyeducation.com\/glulipte\/2023\/11\/8-1-214x300.png 214w\" sizes=\"auto, (max-width: 500px) 100vw, 500px\" \/>\t\t<\/a>\n\t\t\t<\/div>\n<\/div>\n\t\t<\/div>\n\t\t<div class=\"qodef-e-content\">\n\t\t\t\t\t\t<div class=\"qodef-e-text\">\n\t\t\t\t<h5 itemprop=\"name\" class=\"qodef-e-title entry-title\">\n\t<a itemprop=\"url\" class=\"qodef-e-title-link\" href=\"https:\/\/egyeducation.com\/index.php\/2023\/01\/23\/muammer-ovacam\/\">\n\t\tMuammer Ova\u00e7am \/ \u0130malat M\u00fchendisi \/ Eindhoven\t<\/a>\n<\/h5>\n\t\t\t<\/div>\n\t\t\t\t\t<\/div>\n\t<\/div>\n<\/article>\n\t<\/div>\n\t<\/div>\n\t\t<\/div>\n\t\t\t\t<\/div>\n\t\t\t\t<\/div>\n\t\t\t\t\t\t\t<\/div>\n\t\t","protected":false},"excerpt":{"rendered":"<p>Elif G\u00fcl Y\u0131lmazlar \/ Hukuk\u00e7u \/ Rotterdam Funda Kocaarslan \/ Psikolojik dan\u0131\u015fman \/ Amsterdam G\u00f6khan Kumpas \/ Ekonomist \/ Los Angeles \u00d6v\u00fcn\u00e7 Ayd\u0131n \/ Hukuk\u00e7u \/ Paris Prof. Dr. \u015eeniz Duru Koevoets \/ Piyanist \/ Eindhoven Zeynep Bur\u00e7o\u011flu \/ Mimar \/ \u0130stanbul Cevdet Acarsoy \/ Uzman klinik psikolog \/ Leiden Ece Me\u015fe \/ K\u00fclt\u00fcrel Antropolog-G\u00f6rsel [&hellip;]<\/p>\n","protected":false},"author":1,"featured_media":0,"parent":0,"menu_order":0,"comment_status":"closed","ping_status":"closed","template":"","meta":{"_monsterinsights_skip_tracking":false,"_monsterinsights_sitenote_active":false,"_monsterinsights_sitenote_note":"","_monsterinsights_sitenote_category":0,"footnotes":""},"class_list":["post-6523","page","type-page","status-publish","hentry"],"yoast_head":"\n<title>\u0130\u015f Birliklerimiz - EGY<\/title>\n<meta name=\"robots\" content=\"index, follow, max-snippet:-1, max-image-preview:large, max-video-preview:-1\" \/>\n<link rel=\"canonical\" href=\"https:\/\/egyeducation.com\/index.php\/ekibimiz\/\" \/>\n<meta property=\"og:locale\" content=\"en_US\" \/>\n<meta property=\"og:type\" content=\"article\" \/>\n<meta property=\"og:title\" content=\"\u0130\u015f Birliklerimiz - EGY\" \/>\n<meta property=\"og:description\" content=\"Elif G\u00fcl Y\u0131lmazlar \/ Hukuk\u00e7u \/ Rotterdam Funda Kocaarslan \/ Psikolojik dan\u0131\u015fman \/ Amsterdam G\u00f6khan Kumpas \/ Ekonomist \/ Los Angeles \u00d6v\u00fcn\u00e7 Ayd\u0131n \/ Hukuk\u00e7u \/ Paris Prof. Dr. \u015eeniz Duru Koevoets \/ Piyanist \/ Eindhoven Zeynep Bur\u00e7o\u011flu \/ Mimar \/ \u0130stanbul Cevdet Acarsoy \/ Uzman klinik psikolog \/ Leiden Ece Me\u015fe \/ K\u00fclt\u00fcrel Antropolog-G\u00f6rsel [&hellip;]\" \/>\n<meta property=\"og:url\" content=\"https:\/\/egyeducation.com\/index.php\/ekibimiz\/\" \/>\n<meta property=\"og:site_name\" content=\"EGY\" \/>\n<meta property=\"article:modified_time\" content=\"2024-08-27T11:28:31+00:00\" \/>\n<meta property=\"og:image\" content=\"http:\/\/egyeducation.com\/glulipte\/2023\/11\/5-1.png\" \/>\n<meta name=\"twitter:card\" content=\"summary_large_image\" \/>\n<meta name=\"twitter:label1\" content=\"Est. reading time\" \/>\n\t<meta name=\"twitter:data1\" content=\"3 minutes\" \/>\n<script type=\"application\/ld+json\" class=\"yoast-schema-graph\">{\"@context\":\"https:\/\/schema.org\",\"@graph\":[{\"@type\":\"WebPage\",\"@id\":\"https:\/\/egyeducation.com\/index.php\/ekibimiz\/\",\"url\":\"https:\/\/egyeducation.com\/index.php\/ekibimiz\/\",\"name\":\"\u0130\u015f Birliklerimiz - EGY\",\"isPartOf\":{\"@id\":\"https:\/\/egyeducation.com\/#website\"},\"datePublished\":\"2023-11-22T13:09:03+00:00\",\"dateModified\":\"2024-08-27T11:28:31+00:00\",\"breadcrumb\":{\"@id\":\"https:\/\/egyeducation.com\/index.php\/ekibimiz\/#breadcrumb\"},\"inLanguage\":\"en-US\",\"potentialAction\":[{\"@type\":\"ReadAction\",\"target\":[\"https:\/\/egyeducation.com\/index.php\/ekibimiz\/\"]}]},{\"@type\":\"BreadcrumbList\",\"@id\":\"https:\/\/egyeducation.com\/index.php\/ekibimiz\/#breadcrumb\",\"itemListElement\":[{\"@type\":\"ListItem\",\"position\":1,\"name\":\"Home\",\"item\":\"https:\/\/egyeducation.com\/\"},{\"@type\":\"ListItem\",\"position\":2,\"name\":\"\u0130\u015f Birliklerimiz\"}]},{\"@type\":\"WebSite\",\"@id\":\"https:\/\/egyeducation.com\/#website\",\"url\":\"https:\/\/egyeducation.com\/\",\"name\":\"EGY\",\"description\":\"\",\"publisher\":{\"@id\":\"https:\/\/egyeducation.com\/#organization\"},\"potentialAction\":[{\"@type\":\"SearchAction\",\"target\":{\"@type\":\"EntryPoint\",\"urlTemplate\":\"https:\/\/egyeducation.com\/?s={search_term_string}\"},\"query-input\":\"required name=search_term_string\"}],\"inLanguage\":\"en-US\"},{\"@type\":\"Organization\",\"@id\":\"https:\/\/egyeducation.com\/#organization\",\"name\":\"EGY\",\"url\":\"https:\/\/egyeducation.com\/\",\"logo\":{\"@type\":\"ImageObject\",\"inLanguage\":\"en-US\",\"@id\":\"https:\/\/egyeducation.com\/#\/schema\/logo\/image\/\",\"url\":\"https:\/\/egyeducation.com\/glulipte\/2023\/11\/cropped-1-2.png\",\"contentUrl\":\"https:\/\/egyeducation.com\/glulipte\/2023\/11\/cropped-1-2.png\",\"width\":1080,\"height\":1080,\"caption\":\"EGY\"},\"image\":{\"@id\":\"https:\/\/egyeducation.com\/#\/schema\/logo\/image\/\"}}]}<\/script>\n","yoast_head_json":{"title":"\u0130\u015f Birliklerimiz - EGY","robots":{"index":"index","follow":"follow","max-snippet":"max-snippet:-1","max-image-preview":"max-image-preview:large","max-video-preview":"max-video-preview:-1"},"canonical":"https:\/\/egyeducation.com\/index.php\/ekibimiz\/","og_locale":"en_US","og_type":"article","og_title":"\u0130\u015f Birliklerimiz - EGY","og_description":"Elif G\u00fcl Y\u0131lmazlar \/ Hukuk\u00e7u \/ Rotterdam Funda Kocaarslan \/ Psikolojik dan\u0131\u015fman \/ Amsterdam G\u00f6khan Kumpas \/ Ekonomist \/ Los Angeles \u00d6v\u00fcn\u00e7 Ayd\u0131n \/ Hukuk\u00e7u \/ Paris Prof. Dr. \u015eeniz Duru Koevoets \/ Piyanist \/ Eindhoven Zeynep Bur\u00e7o\u011flu \/ Mimar \/ \u0130stanbul Cevdet Acarsoy \/ Uzman klinik psikolog \/ Leiden Ece Me\u015fe \/ K\u00fclt\u00fcrel Antropolog-G\u00f6rsel [&hellip;]","og_url":"https:\/\/egyeducation.com\/index.php\/ekibimiz\/","og_site_name":"EGY","article_modified_time":"2024-08-27T11:28:31+00:00","og_image":[{"url":"http:\/\/egyeducation.com\/glulipte\/2023\/11\/5-1.png"}],"twitter_card":"summary_large_image","twitter_misc":{"Est. reading time":"3 minutes"},"schema":{"@context":"https:\/\/schema.org","@graph":[{"@type":"WebPage","@id":"https:\/\/egyeducation.com\/index.php\/ekibimiz\/","url":"https:\/\/egyeducation.com\/index.php\/ekibimiz\/","name":"\u0130\u015f Birliklerimiz - EGY","isPartOf":{"@id":"https:\/\/egyeducation.com\/#website"},"datePublished":"2023-11-22T13:09:03+00:00","dateModified":"2024-08-27T11:28:31+00:00","breadcrumb":{"@id":"https:\/\/egyeducation.com\/index.php\/ekibimiz\/#breadcrumb"},"inLanguage":"en-US","potentialAction":[{"@type":"ReadAction","target":["https:\/\/egyeducation.com\/index.php\/ekibimiz\/"]}]},{"@type":"BreadcrumbList","@id":"https:\/\/egyeducation.com\/index.php\/ekibimiz\/#breadcrumb","itemListElement":[{"@type":"ListItem","position":1,"name":"Home","item":"https:\/\/egyeducation.com\/"},{"@type":"ListItem","position":2,"name":"\u0130\u015f Birliklerimiz"}]},{"@type":"WebSite","@id":"https:\/\/egyeducation.com\/#website","url":"https:\/\/egyeducation.com\/","name":"EGY","description":"","publisher":{"@id":"https:\/\/egyeducation.com\/#organization"},"potentialAction":[{"@type":"SearchAction","target":{"@type":"EntryPoint","urlTemplate":"https:\/\/egyeducation.com\/?s={search_term_string}"},"query-input":"required name=search_term_string"}],"inLanguage":"en-US"},{"@type":"Organization","@id":"https:\/\/egyeducation.com\/#organization","name":"EGY","url":"https:\/\/egyeducation.com\/","logo":{"@type":"ImageObject","inLanguage":"en-US","@id":"https:\/\/egyeducation.com\/#\/schema\/logo\/image\/","url":"https:\/\/egyeducation.com\/glulipte\/2023\/11\/cropped-1-2.png","contentUrl":"https:\/\/egyeducation.com\/glulipte\/2023\/11\/cropped-1-2.png","width":1080,"height":1080,"caption":"EGY"},"image":{"@id":"https:\/\/egyeducation.com\/#\/schema\/logo\/image\/"}}]}},"_links":{"self":[{"href":"https:\/\/egyeducation.com\/index.php\/wp-json\/wp\/v2\/pages\/6523","targetHints":{"allow":["GET"]}}],"collection":[{"href":"https:\/\/egyeducation.com\/index.php\/wp-json\/wp\/v2\/pages"}],"about":[{"href":"https:\/\/egyeducation.com\/index.php\/wp-json\/wp\/v2\/types\/page"}],"author":[{"embeddable":true,"href":"https:\/\/egyeducation.com\/index.php\/wp-json\/wp\/v2\/users\/1"}],"replies":[{"embeddable":true,"href":"https:\/\/egyeducation.com\/index.php\/wp-json\/wp\/v2\/comments?post=6523"}],"version-history":[{"count":30,"href":"https:\/\/egyeducation.com\/index.php\/wp-json\/wp\/v2\/pages\/6523\/revisions"}],"predecessor-version":[{"id":6976,"href":"https:\/\/egyeducation.com\/index.php\/wp-json\/wp\/v2\/pages\/6523\/revisions\/6976"}],"wp:attachment":[{"href":"https:\/\/egyeducation.com\/index.php\/wp-json\/wp\/v2\/media?parent=6523"}],"curies":[{"name":"wp","href":"https:\/\/api.w.org\/{rel}","templated":true}]}}