{"id":6911,"date":"2023-11-25T10:51:12","date_gmt":"2023-11-25T10:51:12","guid":{"rendered":"https:\/\/egyeducation.com\/?page_id=6911"},"modified":"2024-10-20T15:45:14","modified_gmt":"2024-10-20T15:45:14","slug":"webinar-hollandada-egitim","status":"publish","type":"page","link":"https:\/\/egyeducation.com\/index.php\/webinar-hollandada-egitim\/","title":{"rendered":"WEBINAR &#8211; Hollanda&#8217;da E\u011fitim"},"content":{"rendered":"\t\t<div data-elementor-type=\"wp-page\" data-elementor-id=\"6911\" class=\"elementor elementor-6911\">\n\t\t\t\t\t\t\t<div class=\"elementor-element elementor-element-7d35941d e-flex e-con-boxed e-con e-parent\" data-id=\"7d35941d\" data-element_type=\"container\" data-settings=\"{&quot;content_width&quot;:&quot;boxed&quot;}\" data-core-v316-plus=\"true\">\n\t\t\t\t\t<div class=\"e-con-inner\">\n\t\t\t\t<div class=\"elementor-element elementor-element-5585d647 elementor-widget elementor-widget-text-editor\" data-id=\"5585d647\" data-element_type=\"widget\" data-widget_type=\"text-editor.default\">\n\t\t\t\t<div class=\"elementor-widget-container\">\n\t\t\t<style>\/*! elementor - v3.17.0 - 08-11-2023 *\/\n.elementor-widget-text-editor.elementor-drop-cap-view-stacked .elementor-drop-cap{background-color:#69727d;color:#fff}.elementor-widget-text-editor.elementor-drop-cap-view-framed .elementor-drop-cap{color:#69727d;border:3px solid;background-color:transparent}.elementor-widget-text-editor:not(.elementor-drop-cap-view-default) .elementor-drop-cap{margin-top:8px}.elementor-widget-text-editor:not(.elementor-drop-cap-view-default) .elementor-drop-cap-letter{width:1em;height:1em}.elementor-widget-text-editor .elementor-drop-cap{float:left;text-align:center;line-height:1;font-size:50px}.elementor-widget-text-editor .elementor-drop-cap-letter{display:inline-block}<\/style>\t\t\t\t<p>24 Ekim 2024 Per\u015fembe g\u00fcn\u00fc TED \u0130zmir Koleji velilerine \u00f6zel olarak Hollanda\u2019da ya\u015fam, e\u011fitim semineri ve burslara ili\u015fkin bilgilendirme toplant\u0131s\u0131 d\u00fczenliyoruz.<\/p>\n<p>Hollanda\u2019da \u00fcniversitelerde ders veren\/akademik \u00e7al\u0131\u015fmalar\u0131n\u0131 y\u00fcr\u00fcten akademik kadromuzun deneyimlerinden faydalanmak i\u00e7in kaydolun. Kontenjan\u0131m\u0131z s\u0131n\u0131rl\u0131 say\u0131dad\u0131r.<\/p>\n<p><\/p>\t\t\t\t\t\t<\/div>\n\t\t\t\t<\/div>\n\t\t\t\t\t<\/div>\n\t\t\t\t<\/div>\n\t\t\t\t\t\t\t<\/div>\n\t\t","protected":false},"excerpt":{"rendered":"<p>24 Ekim 2024 Per\u015fembe g\u00fcn\u00fc TED \u0130zmir Koleji velilerine \u00f6zel olarak Hollanda\u2019da ya\u015fam, e\u011fitim semineri ve burslara ili\u015fkin bilgilendirme toplant\u0131s\u0131 d\u00fczenliyoruz. Hollanda\u2019da \u00fcniversitelerde ders veren\/akademik \u00e7al\u0131\u015fmalar\u0131n\u0131 y\u00fcr\u00fcten akademik kadromuzun deneyimlerinden faydalanmak i\u00e7in kaydolun. Kontenjan\u0131m\u0131z s\u0131n\u0131rl\u0131 say\u0131dad\u0131r.<\/p>\n","protected":false},"author":1,"featured_media":6895,"parent":0,"menu_order":0,"comment_status":"closed","ping_status":"closed","template":"","meta":{"_monsterinsights_skip_tracking":false,"_monsterinsights_sitenote_active":false,"_monsterinsights_sitenote_note":"","_monsterinsights_sitenote_category":0,"footnotes":""},"class_list":["post-6911","page","type-page","status-publish","has-post-thumbnail","hentry"],"yoast_head":"\n<title>WEBINAR - Hollanda&#039;da E\u011fitim - EGY<\/title>\n<meta name=\"robots\" content=\"index, follow, max-snippet:-1, max-image-preview:large, max-video-preview:-1\" \/>\n<link rel=\"canonical\" href=\"https:\/\/egyeducation.com\/index.php\/webinar-hollandada-egitim\/\" \/>\n<meta property=\"og:locale\" content=\"en_US\" \/>\n<meta property=\"og:type\" content=\"article\" \/>\n<meta property=\"og:title\" content=\"WEBINAR - Hollanda&#039;da E\u011fitim - EGY\" \/>\n<meta property=\"og:description\" content=\"24 Ekim 2024 Per\u015fembe g\u00fcn\u00fc TED \u0130zmir Koleji velilerine \u00f6zel olarak Hollanda\u2019da ya\u015fam, e\u011fitim semineri ve burslara ili\u015fkin bilgilendirme toplant\u0131s\u0131 d\u00fczenliyoruz. Hollanda\u2019da \u00fcniversitelerde ders veren\/akademik \u00e7al\u0131\u015fmalar\u0131n\u0131 y\u00fcr\u00fcten akademik kadromuzun deneyimlerinden faydalanmak i\u00e7in kaydolun. Kontenjan\u0131m\u0131z s\u0131n\u0131rl\u0131 say\u0131dad\u0131r.\" \/>\n<meta property=\"og:url\" content=\"https:\/\/egyeducation.com\/index.php\/webinar-hollandada-egitim\/\" \/>\n<meta property=\"og:site_name\" content=\"EGY\" \/>\n<meta property=\"article:modified_time\" content=\"2024-10-20T15:45:14+00:00\" \/>\n<meta property=\"og:image\" content=\"http:\/\/egyeducation.com\/glulipte\/2023\/11\/Untitled.png\" \/>\n\t<meta property=\"og:image:width\" content=\"1024\" \/>\n\t<meta property=\"og:image:height\" content=\"683\" \/>\n\t<meta property=\"og:image:type\" content=\"image\/png\" \/>\n<meta name=\"twitter:card\" content=\"summary_large_image\" \/>\n<meta name=\"twitter:label1\" content=\"Est. reading time\" \/>\n\t<meta name=\"twitter:data1\" content=\"1 minute\" \/>\n<script type=\"application\/ld+json\" class=\"yoast-schema-graph\">{\"@context\":\"https:\/\/schema.org\",\"@graph\":[{\"@type\":\"WebPage\",\"@id\":\"https:\/\/egyeducation.com\/index.php\/webinar-hollandada-egitim\/\",\"url\":\"https:\/\/egyeducation.com\/index.php\/webinar-hollandada-egitim\/\",\"name\":\"WEBINAR - Hollanda'da E\u011fitim - EGY\",\"isPartOf\":{\"@id\":\"https:\/\/egyeducation.com\/#website\"},\"datePublished\":\"2023-11-25T10:51:12+00:00\",\"dateModified\":\"2024-10-20T15:45:14+00:00\",\"breadcrumb\":{\"@id\":\"https:\/\/egyeducation.com\/index.php\/webinar-hollandada-egitim\/#breadcrumb\"},\"inLanguage\":\"en-US\",\"potentialAction\":[{\"@type\":\"ReadAction\",\"target\":[\"https:\/\/egyeducation.com\/index.php\/webinar-hollandada-egitim\/\"]}]},{\"@type\":\"BreadcrumbList\",\"@id\":\"https:\/\/egyeducation.com\/index.php\/webinar-hollandada-egitim\/#breadcrumb\",\"itemListElement\":[{\"@type\":\"ListItem\",\"position\":1,\"name\":\"Home\",\"item\":\"https:\/\/egyeducation.com\/\"},{\"@type\":\"ListItem\",\"position\":2,\"name\":\"WEBINAR &#8211; Hollanda&#8217;da E\u011fitim\"}]},{\"@type\":\"WebSite\",\"@id\":\"https:\/\/egyeducation.com\/#website\",\"url\":\"https:\/\/egyeducation.com\/\",\"name\":\"EGY\",\"description\":\"\",\"publisher\":{\"@id\":\"https:\/\/egyeducation.com\/#organization\"},\"potentialAction\":[{\"@type\":\"SearchAction\",\"target\":{\"@type\":\"EntryPoint\",\"urlTemplate\":\"https:\/\/egyeducation.com\/?s={search_term_string}\"},\"query-input\":\"required name=search_term_string\"}],\"inLanguage\":\"en-US\"},{\"@type\":\"Organization\",\"@id\":\"https:\/\/egyeducation.com\/#organization\",\"name\":\"EGY\",\"url\":\"https:\/\/egyeducation.com\/\",\"logo\":{\"@type\":\"ImageObject\",\"inLanguage\":\"en-US\",\"@id\":\"https:\/\/egyeducation.com\/#\/schema\/logo\/image\/\",\"url\":\"https:\/\/egyeducation.com\/glulipte\/2023\/11\/cropped-1-2.png\",\"contentUrl\":\"https:\/\/egyeducation.com\/glulipte\/2023\/11\/cropped-1-2.png\",\"width\":1080,\"height\":1080,\"caption\":\"EGY\"},\"image\":{\"@id\":\"https:\/\/egyeducation.com\/#\/schema\/logo\/image\/\"}}]}<\/script>\n","yoast_head_json":{"title":"WEBINAR - Hollanda'da E\u011fitim - EGY","robots":{"index":"index","follow":"follow","max-snippet":"max-snippet:-1","max-image-preview":"max-image-preview:large","max-video-preview":"max-video-preview:-1"},"canonical":"https:\/\/egyeducation.com\/index.php\/webinar-hollandada-egitim\/","og_locale":"en_US","og_type":"article","og_title":"WEBINAR - Hollanda'da E\u011fitim - EGY","og_description":"24 Ekim 2024 Per\u015fembe g\u00fcn\u00fc TED \u0130zmir Koleji velilerine \u00f6zel olarak Hollanda\u2019da ya\u015fam, e\u011fitim semineri ve burslara ili\u015fkin bilgilendirme toplant\u0131s\u0131 d\u00fczenliyoruz. Hollanda\u2019da \u00fcniversitelerde ders veren\/akademik \u00e7al\u0131\u015fmalar\u0131n\u0131 y\u00fcr\u00fcten akademik kadromuzun deneyimlerinden faydalanmak i\u00e7in kaydolun. Kontenjan\u0131m\u0131z s\u0131n\u0131rl\u0131 say\u0131dad\u0131r.","og_url":"https:\/\/egyeducation.com\/index.php\/webinar-hollandada-egitim\/","og_site_name":"EGY","article_modified_time":"2024-10-20T15:45:14+00:00","og_image":[{"url":"http:\/\/egyeducation.com\/glulipte\/2023\/11\/Untitled.png","width":1024,"height":683,"type":"image\/png"}],"twitter_card":"summary_large_image","twitter_misc":{"Est. reading time":"1 minute"},"schema":{"@context":"https:\/\/schema.org","@graph":[{"@type":"WebPage","@id":"https:\/\/egyeducation.com\/index.php\/webinar-hollandada-egitim\/","url":"https:\/\/egyeducation.com\/index.php\/webinar-hollandada-egitim\/","name":"WEBINAR - Hollanda'da E\u011fitim - EGY","isPartOf":{"@id":"https:\/\/egyeducation.com\/#website"},"datePublished":"2023-11-25T10:51:12+00:00","dateModified":"2024-10-20T15:45:14+00:00","breadcrumb":{"@id":"https:\/\/egyeducation.com\/index.php\/webinar-hollandada-egitim\/#breadcrumb"},"inLanguage":"en-US","potentialAction":[{"@type":"ReadAction","target":["https:\/\/egyeducation.com\/index.php\/webinar-hollandada-egitim\/"]}]},{"@type":"BreadcrumbList","@id":"https:\/\/egyeducation.com\/index.php\/webinar-hollandada-egitim\/#breadcrumb","itemListElement":[{"@type":"ListItem","position":1,"name":"Home","item":"https:\/\/egyeducation.com\/"},{"@type":"ListItem","position":2,"name":"WEBINAR &#8211; Hollanda&#8217;da E\u011fitim"}]},{"@type":"WebSite","@id":"https:\/\/egyeducation.com\/#website","url":"https:\/\/egyeducation.com\/","name":"EGY","description":"","publisher":{"@id":"https:\/\/egyeducation.com\/#organization"},"potentialAction":[{"@type":"SearchAction","target":{"@type":"EntryPoint","urlTemplate":"https:\/\/egyeducation.com\/?s={search_term_string}"},"query-input":"required name=search_term_string"}],"inLanguage":"en-US"},{"@type":"Organization","@id":"https:\/\/egyeducation.com\/#organization","name":"EGY","url":"https:\/\/egyeducation.com\/","logo":{"@type":"ImageObject","inLanguage":"en-US","@id":"https:\/\/egyeducation.com\/#\/schema\/logo\/image\/","url":"https:\/\/egyeducation.com\/glulipte\/2023\/11\/cropped-1-2.png","contentUrl":"https:\/\/egyeducation.com\/glulipte\/2023\/11\/cropped-1-2.png","width":1080,"height":1080,"caption":"EGY"},"image":{"@id":"https:\/\/egyeducation.com\/#\/schema\/logo\/image\/"}}]}},"_links":{"self":[{"href":"https:\/\/egyeducation.com\/index.php\/wp-json\/wp\/v2\/pages\/6911","targetHints":{"allow":["GET"]}}],"collection":[{"href":"https:\/\/egyeducation.com\/index.php\/wp-json\/wp\/v2\/pages"}],"about":[{"href":"https:\/\/egyeducation.com\/index.php\/wp-json\/wp\/v2\/types\/page"}],"author":[{"embeddable":true,"href":"https:\/\/egyeducation.com\/index.php\/wp-json\/wp\/v2\/users\/1"}],"replies":[{"embeddable":true,"href":"https:\/\/egyeducation.com\/index.php\/wp-json\/wp\/v2\/comments?post=6911"}],"version-history":[{"count":33,"href":"https:\/\/egyeducation.com\/index.php\/wp-json\/wp\/v2\/pages\/6911\/revisions"}],"predecessor-version":[{"id":6998,"href":"https:\/\/egyeducation.com\/index.php\/wp-json\/wp\/v2\/pages\/6911\/revisions\/6998"}],"wp:featuredmedia":[{"embeddable":true,"href":"https:\/\/egyeducation.com\/index.php\/wp-json\/wp\/v2\/media\/6895"}],"wp:attachment":[{"href":"https:\/\/egyeducation.com\/index.php\/wp-json\/wp\/v2\/media?parent=6911"}],"curies":[{"name":"wp","href":"https:\/\/api.w.org\/{rel}","templated":true}]}}